{"id":10306,"date":"2018-12-04T08:29:17","date_gmt":"2018-12-04T08:29:17","guid":{"rendered":"https:\/\/www.rentacar.com.hr\/?page_id=10306"},"modified":"2026-01-20T16:54:59","modified_gmt":"2026-01-20T14:54:59","slug":"about-us","status":"publish","type":"page","link":"https:\/\/www.rentacar.com.hr\/en\/about-us\/","title":{"rendered":"About us"},"content":{"rendered":"<div class=\"wpb-content-wrapper\"><p>[vc_row][vc_column][vc_single_image image=&#8221;12131&#8243; img_size=&#8221;full&#8221; alignment=&#8221;center&#8221;][vc_column_text css=&#8221;&#8221;]<\/p>\n<p style=\"text-align: center\"><strong><span style=\"font-size: 18px\">Rent-a-Car Jubilee j.d.o.o. \u2013 Split is a well reputed company, of a long tradition in renting cars, scooters, also providing transfer services. Neither agency business is foreign to us. Since 1997 we have been dealing with rentals and excursions.<\/span><\/strong><\/p>\n<p style=\"text-align: center\"><span style=\"font-size: 18px\"><br \/>\nWe are located in the historic town of <strong>Split<\/strong>, at its always cheerful and busy waterfront. In our office in Split, at <strong>Obala Lazareta 3<\/strong>, you\u2019ll find joyful and professional staff always at your disposal. <strong>Our Rent-a-Car also has an agency located at Split&#8217;s Airport, the address being Cesta Dr Franja Tu\u0111mana 21217 Ka\u0161tel \u0160tafili\u0107<\/strong> Our beginnings were modest, but today we are very proud of our wide range of high quality and proven fleet of over 30 vehicles. <strong>At our Rent-a-Car, we offer rentals without deposits and usage of credit\/debit cards. Come to us with absolute trust and be assured that the Rent-a-Car Jubilee Split offers rental of vehicles without deposits and hidden fees.<\/strong>\u00a0With new vehicles, we have raised the quality of the business to higher levels, to make your trip and use of our vehicles as safe as possible.<\/span><\/p>\n<p style=\"text-align: center\"><span style=\"font-size: 18px\">Our desire is to make your vacation and rental experience as pleasant as possible, your satisfaction being our primary concern.<\/span><\/p>\n<p style=\"text-align: center\"><span style=\"font-size: 18px\">Contact us with confidence!<\/span><\/p>\n<p style=\"text-align: center\"><span style=\"font-size: 18px\">Sincerely,<br \/>\n<strong>Jubilee j.d.o.o.<\/strong><br \/>\n<strong>Rent a car in Split, Croatia<\/strong><\/span><\/p>\n<p>[\/vc_column_text][\/vc_column][\/vc_row][vc_row][vc_column][\/vc_column][\/vc_row]<\/p>\n<\/div>","protected":false},"excerpt":{"rendered":"<p>[vc_row][vc_column][vc_single_image image=&#8221;12131&#8243; img_size=&#8221;full&#8221; alignment=&#8221;center&#8221;][vc_column_text css=&#8221;&#8221;] Rent-a-Car Jubilee j.d.o.o. \u2013 Split is a well reputed company, of a long tradition in &#8230; <\/p>\n","protected":false},"author":1,"featured_media":0,"parent":0,"menu_order":0,"comment_status":"closed","ping_status":"closed","template":"","meta":{"footnotes":""},"class_list":["post-10306","page","type-page","status-publish","hentry"],"_links":{"self":[{"href":"https:\/\/www.rentacar.com.hr\/en\/wp-json\/wp\/v2\/pages\/10306","targetHints":{"allow":["GET"]}}],"collection":[{"href":"https:\/\/www.rentacar.com.hr\/en\/wp-json\/wp\/v2\/pages"}],"about":[{"href":"https:\/\/www.rentacar.com.hr\/en\/wp-json\/wp\/v2\/types\/page"}],"author":[{"embeddable":true,"href":"https:\/\/www.rentacar.com.hr\/en\/wp-json\/wp\/v2\/users\/1"}],"replies":[{"embeddable":true,"href":"https:\/\/www.rentacar.com.hr\/en\/wp-json\/wp\/v2\/comments?post=10306"}],"version-history":[{"count":6,"href":"https:\/\/www.rentacar.com.hr\/en\/wp-json\/wp\/v2\/pages\/10306\/revisions"}],"predecessor-version":[{"id":13148,"href":"https:\/\/www.rentacar.com.hr\/en\/wp-json\/wp\/v2\/pages\/10306\/revisions\/13148"}],"wp:attachment":[{"href":"https:\/\/www.rentacar.com.hr\/en\/wp-json\/wp\/v2\/media?parent=10306"}],"curies":[{"name":"wp","href":"https:\/\/api.w.org\/{rel}","templated":true}]}}